{"id":1262,"date":"2023-09-08T12:41:29","date_gmt":"2023-09-08T10:41:29","guid":{"rendered":"https:\/\/jimenez-campillo.com\/?page_id=1262"},"modified":"2026-01-30T12:12:17","modified_gmt":"2026-01-30T11:12:17","slug":"politica-de-cookies","status":"publish","type":"page","link":"https:\/\/jimenez-campillo.com\/en\/politica-de-cookies","title":{"rendered":"Pol\u00edtica de cookies"},"content":{"rendered":"<div data-elementor-type=\"wp-page\" data-elementor-id=\"1262\" class=\"elementor elementor-1262\">\n\t\t\t\t\t\t<section class=\"elementor-section elementor-top-section elementor-element elementor-element-094af3c elementor-section-boxed elementor-section-height-default elementor-section-height-default\" data-id=\"094af3c\" data-element_type=\"section\" data-e-type=\"section\" data-settings=\"{&quot;background_background&quot;:&quot;classic&quot;}\">\n\t\t\t\t\t\t\t<div class=\"elementor-background-overlay\"><\/div>\n\t\t\t\t\t\t\t<div class=\"elementor-container elementor-column-gap-default\">\n\t\t\t\t\t<div class=\"elementor-column elementor-col-100 elementor-top-column elementor-element elementor-element-6b046d6\" data-id=\"6b046d6\" data-element_type=\"column\" data-e-type=\"column\">\n\t\t\t<div class=\"elementor-widget-wrap elementor-element-populated\">\n\t\t\t\t\t\t<div class=\"elementor-element elementor-element-8da095d elementor-widget elementor-widget-heading\" data-id=\"8da095d\" data-element_type=\"widget\" data-e-type=\"widget\" data-widget_type=\"heading.default\">\n\t\t\t\t<div class=\"elementor-widget-container\">\n\t\t\t\t\t<h1 class=\"elementor-heading-title elementor-size-default\">Pol\u00edtica de cookies<\/h1>\t\t\t\t<\/div>\n\t\t\t\t<\/div>\n\t\t\t\t\t<\/div>\n\t\t<\/div>\n\t\t\t\t\t<\/div>\n\t\t<\/section>\n\t\t\t\t<section class=\"elementor-section elementor-top-section elementor-element elementor-element-2e0fc1f elementor-section-boxed elementor-section-height-default elementor-section-height-default\" data-id=\"2e0fc1f\" data-element_type=\"section\" data-e-type=\"section\">\n\t\t\t\t\t\t<div class=\"elementor-container elementor-column-gap-default\">\n\t\t\t\t\t<div class=\"elementor-column elementor-col-100 elementor-top-column elementor-element elementor-element-ba2d04c\" data-id=\"ba2d04c\" data-element_type=\"column\" data-e-type=\"column\">\n\t\t\t<div class=\"elementor-widget-wrap elementor-element-populated\">\n\t\t\t\t\t\t<div class=\"elementor-element elementor-element-395b100 elementor-widget elementor-widget-text-editor\" data-id=\"395b100\" data-element_type=\"widget\" data-e-type=\"widget\" data-widget_type=\"text-editor.default\">\n\t\t\t\t<div class=\"elementor-widget-container\">\n\t\t\t\t\t\t\t\t\t<h1><b>POL\u00cdTICA DE COOKIES<\/b><\/h1><h2><b>1. Qu\u00e9 son las cookies<\/b><\/h2><p><span style=\"font-weight: 400;\">Las cookies son peque\u00f1os archivos que se descargan en su navegador cuando visita un sitio web. Permiten almacenar informaci\u00f3n sobre su navegaci\u00f3n, mejorar su experiencia en la p\u00e1gina, recordar preferencias y analizar el tr\u00e1fico de la web.<\/span><\/p><p><span style=\"font-weight: 400;\">El uso de cookies puede ser <\/span><b>propio<\/b><span style=\"font-weight: 400;\"> o de <\/span><b>terceros<\/b><span style=\"font-weight: 400;\">, y algunas requieren su consentimiento previo.<\/span><\/p><h2><b>2. Tipos de cookies que utilizamos<\/b><\/h2><h3><b>2.1 Cookies necesarias<\/b><\/h3><p><span style=\"font-weight: 400;\">Estas cookies son imprescindibles para el funcionamiento b\u00e1sico del sitio web. <\/span><b>No almacenan datos personales identificables<\/b><span style=\"font-weight: 400;\"> y no pueden desactivarse.<\/span><\/p><table><thead><tr><th><p><b>Cookie<\/b><\/p><\/th><th><p><b>Duraci\u00f3n<\/b><\/p><\/th><th><p><b>Finalidad<\/b><\/p><\/th><\/tr><\/thead><tbody><tr><td><p><span style=\"font-weight: 400;\">__Secure-ENID<\/span><\/p><\/td><td><p><span style=\"font-weight: 400;\">1 a\u00f1o 1 mes<\/span><\/p><\/td><td><p><span style=\"font-weight: 400;\">Cookie segura usada para autenticaci\u00f3n y seguridad de la sesi\u00f3n del usuario.<\/span><\/p><\/td><\/tr><tr><td><p><span style=\"font-weight: 400;\">wpEmojiSettingsSupports<\/span><\/p><\/td><td><p><span style=\"font-weight: 400;\">Sesi\u00f3n<\/span><\/p><\/td><td><p><span style=\"font-weight: 400;\">Determina si el navegador puede mostrar correctamente los emojis.<\/span><\/p><\/td><\/tr><tr><td><p><span style=\"font-weight: 400;\">cookieyes-consent<\/span><\/p><\/td><td><p><span style=\"font-weight: 400;\">1 a\u00f1o<\/span><\/p><\/td><td><p><span style=\"font-weight: 400;\">Recuerda las preferencias de consentimiento de cookies del usuario.<\/span><\/p><\/td><\/tr><\/tbody><\/table><h3><b>2.2 Cookies funcionales<\/b><\/h3><p><span style=\"font-weight: 400;\">Estas cookies permiten ciertas funcionalidades adicionales, como traducci\u00f3n de idiomas o integraci\u00f3n con redes sociales.<\/span><\/p><table><thead><tr><th><p><b>Cookie<\/b><\/p><\/th><th><p><b>Duraci\u00f3n<\/b><\/p><\/th><th><p><b>Finalidad<\/b><\/p><\/th><\/tr><\/thead><tbody><tr><td><p><span style=\"font-weight: 400;\">googtrans<\/span><\/p><\/td><td><p><span style=\"font-weight: 400;\">Sesi\u00f3n<\/span><\/p><\/td><td><p><span style=\"font-weight: 400;\">Almacena la configuraci\u00f3n de idioma de Google Translate.<\/span><\/p><\/td><\/tr><\/tbody><\/table><h3><b>2.3 Cookies de an\u00e1lisis\u00a0<\/b><\/h3><p><span style=\"font-weight: 400;\">Son aqu\u00e9llas que bien tratadas por nosotros o por terceros, nos permiten cuantificar el n\u00famero de usuarios y as\u00ed realizar la medici\u00f3n y an\u00e1lisis estad\u00edstico de la utilizaci\u00f3n que hacen los usuarios del servicio ofertado. Para ello se analiza su navegaci\u00f3n en nuestra p\u00e1gina web con el fin de mejorar la oferta de productos o servicios que le ofrecemos.<\/span><\/p><h3><b>2.4 Cookies de publicidad\u00a0<\/b><\/h3><h2><span style=\"font-weight: 400;\">Son aqu\u00e9llas que, bien tratadas por esta web o por terceros, permiten gestionar de la forma m\u00e1s eficaz posible la oferta de los espacios publicitarios que hay en la p\u00e1gina web, adecuando el contenido del anuncio al contenido del servicio solicitado o al uso que realice de nuestra p\u00e1gina web. Para ello podemos analizar sus h\u00e1bitos de navegaci\u00f3n en Internet y podemos mostrarle publicidad relacionada con su perfil de navegaci\u00f3n.<\/span><\/h2><h2><b>3. Consentimiento<\/b><\/h2><p><span style=\"font-weight: 400;\">Al acceder al sitio web por primera vez, se le solicita su consentimiento para instalar cookies no esenciales mediante el <\/span><b>banner de CookieYes<\/b><span style=\"font-weight: 400;\">.<\/span><\/p><p><span style=\"font-weight: 400;\">Puede elegir:<\/span><\/p><ul><li style=\"font-weight: 400;\" aria-level=\"1\"><span style=\"font-weight: 400;\">Aceptar todas las cookies<\/span><\/li><li style=\"font-weight: 400;\" aria-level=\"1\"><span style=\"font-weight: 400;\">Rechazar las cookies no esenciales<\/span><\/li><li style=\"font-weight: 400;\" aria-level=\"1\"><span style=\"font-weight: 400;\">Modificar sus preferencias en cualquier momento mediante el banner o la configuraci\u00f3n del navegador<\/span><\/li><\/ul><h2><b>4. C\u00f3mo desactivar o eliminar cookies<\/b><\/h2><p><span style=\"font-weight: 400;\">Usted puede permitir, bloquear o eliminar las cookies a trav\u00e9s de la configuraci\u00f3n de su navegador.<\/span><span style=\"font-weight: 400;\"><br \/><\/span><span style=\"font-weight: 400;\"> Instrucciones generales:<\/span><\/p><ul><li style=\"font-weight: 400;\" aria-level=\"1\"><b>Google Chrome:<\/b><span style=\"font-weight: 400;\"> Configuraci\u00f3n &gt; Privacidad y seguridad &gt; Cookies y otros datos del sitio<\/span><\/li><li style=\"font-weight: 400;\" aria-level=\"1\"><b>Mozilla Firefox:<\/b><span style=\"font-weight: 400;\"> Opciones &gt; Privacidad y seguridad &gt; Cookies y datos del sitio<\/span><\/li><li style=\"font-weight: 400;\" aria-level=\"1\"><b>Safari (Mac):<\/b><span style=\"font-weight: 400;\"> Preferencias &gt; Privacidad &gt; Gestionar datos del sitio web<\/span><\/li><li style=\"font-weight: 400;\" aria-level=\"1\"><b>Microsoft Edge:<\/b><span style=\"font-weight: 400;\"> Configuraci\u00f3n &gt; Cookies y permisos del sitio<\/span><\/li><\/ul><p><span style=\"font-weight: 400;\">Eliminar cookies puede afectar algunas funciones de la web, como el inicio de sesi\u00f3n o la configuraci\u00f3n de idioma.<\/span><\/p><h2><b>5. Cookies de terceros<\/b><\/h2><p><span style=\"font-weight: 400;\">El sitio web puede usar cookies de terceros, como <\/span><b>Google Analytics y Google Ads<\/b><span style=\"font-weight: 400;\">, para an\u00e1lisis y publicidad.<\/span><span style=\"font-weight: 400;\"><br \/><\/span><span style=\"font-weight: 400;\"> Estas cookies se gestionan conforme a la pol\u00edtica de privacidad de cada proveedor y requieren consentimiento expl\u00edcito.<\/span><\/p><p>\u00a0<\/p><h2><b>6. Modificaciones<\/b><\/h2><p><span style=\"font-weight: 400;\">La presente Pol\u00edtica de Cookies puede actualizarse para adaptarse a cambios legales, t\u00e9cnicos o de la web.<\/span><span style=\"font-weight: 400;\"><br \/><\/span><span style=\"font-weight: 400;\"> La versi\u00f3n vigente estar\u00e1 siempre disponible en esta p\u00e1gina.<\/span><\/p><h2><b>7. Advertencia sobre eliminar cookies.<\/b><\/h2><p>\u00a0<\/p><p><span style=\"font-weight: 400;\">Usted puede eliminar y bloquear todas las cookies de este sitio, pero parte del sitio no funcionar\u00e1 o la calidad de la p\u00e1gina web puede verse afectada.<\/span><\/p><p>\u00a0<\/p><p><span style=\"font-weight: 400;\">Si tiene cualquier duda acerca de nuestra pol\u00edtica de cookies, puede contactar con esta p\u00e1gina web a trav\u00e9s de nuestros canales de Contacto.<\/span><\/p>\t\t\t\t\t\t\t\t<\/div>\n\t\t\t\t<\/div>\n\t\t\t\t\t<\/div>\n\t\t<\/div>\n\t\t\t\t\t<\/div>\n\t\t<\/section>\n\t\t\t\t<\/div>","protected":false},"excerpt":{"rendered":"<p>Pol\u00edtica de cookies POL\u00cdTICA DE COOKIES 1. Qu\u00e9 son las cookies Las cookies son peque\u00f1os archivos que se descargan en su navegador cuando visita un sitio web. Permiten almacenar informaci\u00f3n sobre su navegaci\u00f3n, mejorar su experiencia en la p\u00e1gina, recordar preferencias y analizar el tr\u00e1fico de la web. El uso de cookies puede ser propio [&hellip;]<\/p>\n","protected":false},"author":1,"featured_media":0,"parent":0,"menu_order":0,"comment_status":"closed","ping_status":"closed","template":"","meta":{"site-sidebar-layout":"no-sidebar","site-content-layout":"page-builder","ast-site-content-layout":"full-width-container","site-content-style":"unboxed","site-sidebar-style":"unboxed","ast-global-header-display":"","ast-banner-title-visibility":"","ast-main-header-display":"","ast-hfb-above-header-display":"","ast-hfb-below-header-display":"","ast-hfb-mobile-header-display":"","site-post-title":"disabled","ast-breadcrumbs-content":"","ast-featured-img":"disabled","footer-sml-layout":"","ast-disable-related-posts":"","theme-transparent-header-meta":"enabled","adv-header-id-meta":"","stick-header-meta":"","header-above-stick-meta":"","header-main-stick-meta":"","header-below-stick-meta":"","astra-migrate-meta-layouts":"set","ast-page-background-enabled":"default","ast-page-background-meta":{"desktop":{"background-color":"","background-image":"","background-repeat":"repeat","background-position":"center center","background-size":"auto","background-attachment":"scroll","background-type":"","background-media":"","overlay-type":"","overlay-color":"","overlay-opacity":"","overlay-gradient":""},"tablet":{"background-color":"","background-image":"","background-repeat":"repeat","background-position":"center center","background-size":"auto","background-attachment":"scroll","background-type":"","background-media":"","overlay-type":"","overlay-color":"","overlay-opacity":"","overlay-gradient":""},"mobile":{"background-color":"","background-image":"","background-repeat":"repeat","background-position":"center center","background-size":"auto","background-attachment":"scroll","background-type":"","background-media":"","overlay-type":"","overlay-color":"","overlay-opacity":"","overlay-gradient":""}},"ast-content-background-meta":{"desktop":{"background-color":"var(--ast-global-color-5)","background-image":"","background-repeat":"repeat","background-position":"center center","background-size":"auto","background-attachment":"scroll","background-type":"","background-media":"","overlay-type":"","overlay-color":"","overlay-opacity":"","overlay-gradient":""},"tablet":{"background-color":"var(--ast-global-color-5)","background-image":"","background-repeat":"repeat","background-position":"center center","background-size":"auto","background-attachment":"scroll","background-type":"","background-media":"","overlay-type":"","overlay-color":"","overlay-opacity":"","overlay-gradient":""},"mobile":{"background-color":"var(--ast-global-color-5)","background-image":"","background-repeat":"repeat","background-position":"center center","background-size":"auto","background-attachment":"scroll","background-type":"","background-media":"","overlay-type":"","overlay-color":"","overlay-opacity":"","overlay-gradient":""}},"footnotes":""},"class_list":["post-1262","page","type-page","status-publish","hentry"],"yoast_head":"<!-- This site is optimized with the Yoast SEO plugin v27.5 - https:\/\/yoast.com\/product\/yoast-seo-wordpress\/ -->\n<title>Pol\u00edtica de cookies - Jim\u00e9nez Campillo Y Asociados<\/title>\n<meta name=\"robots\" content=\"index, follow, max-snippet:-1, max-image-preview:large, max-video-preview:-1\" \/>\n<link rel=\"canonical\" href=\"https:\/\/jimenez-campillo.com\/en\/politica-de-cookies\/\" \/>\n<meta property=\"og:locale\" content=\"en_US\" \/>\n<meta property=\"og:type\" content=\"article\" \/>\n<meta property=\"og:title\" content=\"Pol\u00edtica de cookies - Jim\u00e9nez Campillo Y Asociados\" \/>\n<meta property=\"og:description\" content=\"Pol\u00edtica de cookies POL\u00cdTICA DE COOKIES 1. Qu\u00e9 son las cookies Las cookies son peque\u00f1os archivos que se descargan en su navegador cuando visita un sitio web. Permiten almacenar informaci\u00f3n sobre su navegaci\u00f3n, mejorar su experiencia en la p\u00e1gina, recordar preferencias y analizar el tr\u00e1fico de la web. El uso de cookies puede ser propio [&hellip;]\" \/>\n<meta property=\"og:url\" content=\"https:\/\/jimenez-campillo.com\/en\/politica-de-cookies\/\" \/>\n<meta property=\"og:site_name\" content=\"Jim\u00e9nez Campillo Y Asociados\" \/>\n<meta property=\"article:modified_time\" content=\"2026-01-30T11:12:17+00:00\" \/>\n<meta name=\"twitter:card\" content=\"summary_large_image\" \/>\n<meta name=\"twitter:label1\" content=\"Est. reading time\" \/>\n\t<meta name=\"twitter:data1\" content=\"3 minutes\" \/>\n<script type=\"application\/ld+json\" class=\"yoast-schema-graph\">{\"@context\":\"https:\\\/\\\/schema.org\",\"@graph\":[{\"@type\":\"WebPage\",\"@id\":\"https:\\\/\\\/jimenez-campillo.com\\\/politica-de-cookies\",\"url\":\"https:\\\/\\\/jimenez-campillo.com\\\/politica-de-cookies\",\"name\":\"Pol\u00edtica de cookies - Jim\u00e9nez Campillo Y Asociados\",\"isPartOf\":{\"@id\":\"https:\\\/\\\/jimenez-campillo.com\\\/#website\"},\"datePublished\":\"2023-09-08T10:41:29+00:00\",\"dateModified\":\"2026-01-30T11:12:17+00:00\",\"breadcrumb\":{\"@id\":\"https:\\\/\\\/jimenez-campillo.com\\\/politica-de-cookies#breadcrumb\"},\"inLanguage\":\"en-US\",\"potentialAction\":[{\"@type\":\"ReadAction\",\"target\":[\"https:\\\/\\\/jimenez-campillo.com\\\/politica-de-cookies\"]}]},{\"@type\":\"BreadcrumbList\",\"@id\":\"https:\\\/\\\/jimenez-campillo.com\\\/politica-de-cookies#breadcrumb\",\"itemListElement\":[{\"@type\":\"ListItem\",\"position\":1,\"name\":\"Portada\",\"item\":\"https:\\\/\\\/jimenez-campillo.com\\\/\"},{\"@type\":\"ListItem\",\"position\":2,\"name\":\"Pol\u00edtica de cookies\"}]},{\"@type\":\"WebSite\",\"@id\":\"https:\\\/\\\/jimenez-campillo.com\\\/#website\",\"url\":\"https:\\\/\\\/jimenez-campillo.com\\\/\",\"name\":\"Jim\u00e9nez Campillo Y Asociados\",\"description\":\"Estudios Jur\u00eddicos S L P\",\"publisher\":{\"@id\":\"https:\\\/\\\/jimenez-campillo.com\\\/#organization\"},\"potentialAction\":[{\"@type\":\"SearchAction\",\"target\":{\"@type\":\"EntryPoint\",\"urlTemplate\":\"https:\\\/\\\/jimenez-campillo.com\\\/?s={search_term_string}\"},\"query-input\":{\"@type\":\"PropertyValueSpecification\",\"valueRequired\":true,\"valueName\":\"search_term_string\"}}],\"inLanguage\":\"en-US\"},{\"@type\":\"Organization\",\"@id\":\"https:\\\/\\\/jimenez-campillo.com\\\/#organization\",\"name\":\"Jim\u00e9nez Campillo Y Asociados\",\"url\":\"https:\\\/\\\/jimenez-campillo.com\\\/\",\"logo\":{\"@type\":\"ImageObject\",\"inLanguage\":\"en-US\",\"@id\":\"https:\\\/\\\/jimenez-campillo.com\\\/#\\\/schema\\\/logo\\\/image\\\/\",\"url\":\"https:\\\/\\\/jimenez-campillo.com\\\/wp-content\\\/uploads\\\/2023\\\/07\\\/cropped-logo-theme.png\",\"contentUrl\":\"https:\\\/\\\/jimenez-campillo.com\\\/wp-content\\\/uploads\\\/2023\\\/07\\\/cropped-logo-theme.png\",\"width\":480,\"height\":520,\"caption\":\"Jim\u00e9nez Campillo Y Asociados\"},\"image\":{\"@id\":\"https:\\\/\\\/jimenez-campillo.com\\\/#\\\/schema\\\/logo\\\/image\\\/\"}}]}<\/script>\n<!-- \/ Yoast SEO plugin. -->","yoast_head_json":{"title":"Pol\u00edtica de cookies - Jim\u00e9nez Campillo Y Asociados","robots":{"index":"index","follow":"follow","max-snippet":"max-snippet:-1","max-image-preview":"max-image-preview:large","max-video-preview":"max-video-preview:-1"},"canonical":"https:\/\/jimenez-campillo.com\/en\/politica-de-cookies\/","og_locale":"en_US","og_type":"article","og_title":"Pol\u00edtica de cookies - Jim\u00e9nez Campillo Y Asociados","og_description":"Pol\u00edtica de cookies POL\u00cdTICA DE COOKIES 1. Qu\u00e9 son las cookies Las cookies son peque\u00f1os archivos que se descargan en su navegador cuando visita un sitio web. Permiten almacenar informaci\u00f3n sobre su navegaci\u00f3n, mejorar su experiencia en la p\u00e1gina, recordar preferencias y analizar el tr\u00e1fico de la web. El uso de cookies puede ser propio [&hellip;]","og_url":"https:\/\/jimenez-campillo.com\/en\/politica-de-cookies\/","og_site_name":"Jim\u00e9nez Campillo Y Asociados","article_modified_time":"2026-01-30T11:12:17+00:00","twitter_card":"summary_large_image","twitter_misc":{"Est. reading time":"3 minutes"},"schema":{"@context":"https:\/\/schema.org","@graph":[{"@type":"WebPage","@id":"https:\/\/jimenez-campillo.com\/politica-de-cookies","url":"https:\/\/jimenez-campillo.com\/politica-de-cookies","name":"Pol\u00edtica de cookies - Jim\u00e9nez Campillo Y Asociados","isPartOf":{"@id":"https:\/\/jimenez-campillo.com\/#website"},"datePublished":"2023-09-08T10:41:29+00:00","dateModified":"2026-01-30T11:12:17+00:00","breadcrumb":{"@id":"https:\/\/jimenez-campillo.com\/politica-de-cookies#breadcrumb"},"inLanguage":"en-US","potentialAction":[{"@type":"ReadAction","target":["https:\/\/jimenez-campillo.com\/politica-de-cookies"]}]},{"@type":"BreadcrumbList","@id":"https:\/\/jimenez-campillo.com\/politica-de-cookies#breadcrumb","itemListElement":[{"@type":"ListItem","position":1,"name":"Portada","item":"https:\/\/jimenez-campillo.com\/"},{"@type":"ListItem","position":2,"name":"Pol\u00edtica de cookies"}]},{"@type":"WebSite","@id":"https:\/\/jimenez-campillo.com\/#website","url":"https:\/\/jimenez-campillo.com\/","name":"Jim\u00e9nez Campillo Y Asociados","description":"Estudios Jur\u00eddicos S L P","publisher":{"@id":"https:\/\/jimenez-campillo.com\/#organization"},"potentialAction":[{"@type":"SearchAction","target":{"@type":"EntryPoint","urlTemplate":"https:\/\/jimenez-campillo.com\/?s={search_term_string}"},"query-input":{"@type":"PropertyValueSpecification","valueRequired":true,"valueName":"search_term_string"}}],"inLanguage":"en-US"},{"@type":"Organization","@id":"https:\/\/jimenez-campillo.com\/#organization","name":"Jim\u00e9nez Campillo Y Asociados","url":"https:\/\/jimenez-campillo.com\/","logo":{"@type":"ImageObject","inLanguage":"en-US","@id":"https:\/\/jimenez-campillo.com\/#\/schema\/logo\/image\/","url":"https:\/\/jimenez-campillo.com\/wp-content\/uploads\/2023\/07\/cropped-logo-theme.png","contentUrl":"https:\/\/jimenez-campillo.com\/wp-content\/uploads\/2023\/07\/cropped-logo-theme.png","width":480,"height":520,"caption":"Jim\u00e9nez Campillo Y Asociados"},"image":{"@id":"https:\/\/jimenez-campillo.com\/#\/schema\/logo\/image\/"}}]}},"_links":{"self":[{"href":"https:\/\/jimenez-campillo.com\/en\/wp-json\/wp\/v2\/pages\/1262","targetHints":{"allow":["GET"]}}],"collection":[{"href":"https:\/\/jimenez-campillo.com\/en\/wp-json\/wp\/v2\/pages"}],"about":[{"href":"https:\/\/jimenez-campillo.com\/en\/wp-json\/wp\/v2\/types\/page"}],"author":[{"embeddable":true,"href":"https:\/\/jimenez-campillo.com\/en\/wp-json\/wp\/v2\/users\/1"}],"replies":[{"embeddable":true,"href":"https:\/\/jimenez-campillo.com\/en\/wp-json\/wp\/v2\/comments?post=1262"}],"version-history":[{"count":0,"href":"https:\/\/jimenez-campillo.com\/en\/wp-json\/wp\/v2\/pages\/1262\/revisions"}],"wp:attachment":[{"href":"https:\/\/jimenez-campillo.com\/en\/wp-json\/wp\/v2\/media?parent=1262"}],"curies":[{"name":"wp","href":"https:\/\/api.w.org\/{rel}","templated":true}]}}